{"id":475,"date":"2025-12-07T03:04:24","date_gmt":"2025-12-07T03:04:24","guid":{"rendered":"https:\/\/launchorbit.agency\/?page_id=475"},"modified":"2025-12-23T00:38:27","modified_gmt":"2025-12-23T03:38:27","slug":"politica-de-cookies","status":"publish","type":"page","link":"https:\/\/launchorbit.agency\/en\/politica-de-cookies\/","title":{"rendered":"Cookie Policy"},"content":{"rendered":"<div data-elementor-type=\"wp-page\" data-elementor-id=\"475\" class=\"elementor elementor-475\" data-elementor-post-type=\"page\">\n\t\t\t\t<div class=\"elementor-element elementor-element-26f25e2 e-flex e-con-boxed e-con e-parent\" data-id=\"26f25e2\" data-element_type=\"container\" data-e-type=\"container\">\n\t\t\t\t\t<div class=\"e-con-inner\">\n\t\t\t\t<div class=\"elementor-element elementor-element-2cd6d3f elementor-widget elementor-widget-heading\" data-id=\"2cd6d3f\" data-element_type=\"widget\" data-e-type=\"widget\" data-widget_type=\"heading.default\">\n\t\t\t\t\t<h2 class=\"elementor-heading-title elementor-size-default\">Cookie Policy\n<\/h2>\t\t\t\t<\/div>\n\t\t\t\t<div class=\"elementor-element elementor-element-d1bdb71 elementor-widget elementor-widget-text-editor\" data-id=\"d1bdb71\" data-element_type=\"widget\" data-e-type=\"widget\" data-widget_type=\"text-editor.default\">\n\t\t\t\t\t\t\t\t\t<p>1. Definition and Functionality<br \/>This website uses cookies, which are small text files that are downloaded to your device when you access certain web pages. Cookies allow, among other functions, the website to remember preferences and analyze site usage to improve the user experience.<\/p><p>2. Types of Cookies Used<\/p><p>Technical cookies: These are strictly necessary for the proper functioning of the site and the provision of services requested by the user.<\/p><p>Analytics cookies: These allow us to quantify the number of users and perform statistical measurement and analysis of how users use the site.<\/p><p>3. Cookie Management<br \/>You can allow, block, or delete cookies installed on your computer by configuring your internet browser settings. Disabling certain cookies may limit the functionality of the website.<\/p><p>4. Consent<br \/>Browsing this website implies acceptance of the use of cookies under the terms set out in this policy.<\/p>\t\t\t\t\t\t\t\t<\/div>\n\t\t\t\t\t<\/div>\n\t\t\t\t<\/div>\n\t\t\t\t<\/div>","protected":false},"excerpt":{"rendered":"<p>Pol\u00edtica de Cookies 1. Definici\u00f3n y FuncionalidadEste sitio web utiliza cookies, que son peque\u00f1os archivos de texto que se descargan en su dispositivo al acceder a determinadas p\u00e1ginas web. Las cookies permiten, entre otras funciones, recordar preferencias y analizar el uso del sitio para mejorar la experiencia del usuario. 2. Tipolog\u00eda de Cookies Utilizadas Cookies [&hellip;]<\/p>\n","protected":false},"author":1,"featured_media":0,"parent":0,"menu_order":0,"comment_status":"closed","ping_status":"closed","template":"","meta":{"footnotes":""},"class_list":["post-475","page","type-page","status-publish","hentry"],"_links":{"self":[{"href":"https:\/\/launchorbit.agency\/en\/wp-json\/wp\/v2\/pages\/475","targetHints":{"allow":["GET"]}}],"collection":[{"href":"https:\/\/launchorbit.agency\/en\/wp-json\/wp\/v2\/pages"}],"about":[{"href":"https:\/\/launchorbit.agency\/en\/wp-json\/wp\/v2\/types\/page"}],"author":[{"embeddable":true,"href":"https:\/\/launchorbit.agency\/en\/wp-json\/wp\/v2\/users\/1"}],"replies":[{"embeddable":true,"href":"https:\/\/launchorbit.agency\/en\/wp-json\/wp\/v2\/comments?post=475"}],"version-history":[{"count":0,"href":"https:\/\/launchorbit.agency\/en\/wp-json\/wp\/v2\/pages\/475\/revisions"}],"wp:attachment":[{"href":"https:\/\/launchorbit.agency\/en\/wp-json\/wp\/v2\/media?parent=475"}],"curies":[{"name":"wp","href":"https:\/\/api.w.org\/{rel}","templated":true}]}}