{"id":472,"date":"2025-12-07T03:04:04","date_gmt":"2025-12-07T03:04:04","guid":{"rendered":"https:\/\/launchorbit.agency\/?page_id=472"},"modified":"2025-12-23T00:40:34","modified_gmt":"2025-12-23T03:40:34","slug":"terminos-y-condiciones","status":"publish","type":"page","link":"https:\/\/launchorbit.agency\/en\/terminos-y-condiciones\/","title":{"rendered":"Terms and Conditions"},"content":{"rendered":"<div data-elementor-type=\"wp-page\" data-elementor-id=\"472\" class=\"elementor elementor-472\" data-elementor-post-type=\"page\">\n\t\t\t\t<div class=\"elementor-element elementor-element-4f66b32 e-flex e-con-boxed e-con e-parent\" data-id=\"4f66b32\" data-element_type=\"container\" data-e-type=\"container\">\n\t\t\t\t\t<div class=\"e-con-inner\">\n\t\t\t\t<div class=\"elementor-element elementor-element-eeb8819 elementor-widget elementor-widget-heading\" data-id=\"eeb8819\" data-element_type=\"widget\" data-e-type=\"widget\" data-widget_type=\"heading.default\">\n\t\t\t\t\t<h2 class=\"elementor-heading-title elementor-size-default\">Terms and Conditions\n<\/h2>\t\t\t\t<\/div>\n\t\t\t\t<div class=\"elementor-element elementor-element-0985f2c elementor-widget elementor-widget-text-editor\" data-id=\"0985f2c\" data-element_type=\"widget\" data-e-type=\"widget\" data-widget_type=\"text-editor.default\">\n\t\t\t\t\t\t\t\t\t<p>1. Object and Acceptance<br \/>These terms and conditions govern access to and use of the LaunchOrbit website. Use of the site confers the status of user and implies full and unreserved acceptance of each and every one of the provisions included in this document.<\/p><p>2. Industrial and Intellectual Property<br \/>Todos los contenidos del sitio web, incluyendo textos, im\u00e1genes, logotipos, dise\u00f1os y software, son propiedad de LaunchOrbit o de terceros que hayan autorizado su uso, y se encuentran protegidos por la legislaci\u00f3n en materia de propiedad intelectual e industrial. Queda prohibida cualquier forma de reproducci\u00f3n, distribuci\u00f3n o comunicaci\u00f3n p\u00fablica sin autorizaci\u00f3n expresa.<\/p><p>3. Description of Services<br \/>LaunchOrbit specializes in providing digital marketing strategy and consulting services. The information contained on this website is for informational purposes only.<\/p><p>4. Contract Conditions<br \/>The provision of professional services will be formalized through a written contract signed between the parties, which will expressly establish the scope, economic conditions, deadlines and other particular stipulations.<\/p><p>5. Limitations of Liability<br \/>LaunchOrbit does not guarantee the availability and uninterrupted operation of the website. Furthermore, it is not liable for any damages of any kind that may arise from the use of the information contained on the site.<\/p><p>6. Links to Third-Party Sites<br \/>The website may contain links to other websites. LaunchOrbit has no control over these sites and assumes no responsibility for their content.<\/p><p>7. Applicable Law and Jurisdiction<br \/>These terms and conditions are governed by Argentine law. For the resolution of any dispute, the parties submit to the jurisdiction of the competent courts of the City of Buenos Aires.<\/p><p>8. Modifications<br \/>LaunchOrbit reserves the right to unilaterally modify these terms and conditions, as well as the privacy notice and cookie policy, at any time and without prior notice. Users are advised to periodically review their content.<\/p>\t\t\t\t\t\t\t\t<\/div>\n\t\t\t\t\t<\/div>\n\t\t\t\t<\/div>\n\t\t\t\t<\/div>","protected":false},"excerpt":{"rendered":"<p>T\u00e9rminos y Condiciones 1. Objeto y Aceptaci\u00f3nLos presentes t\u00e9rminos y condiciones regulan el acceso y uso del sitio web propiedad de LaunchOrbit. La utilizaci\u00f3n del sitio atribuye la condici\u00f3n de usuario e implica la aceptaci\u00f3n plena y sin reservas de todas y cada una de las disposiciones incluidas en este documento. 2. Propiedad Industrial e [&hellip;]<\/p>\n","protected":false},"author":1,"featured_media":0,"parent":0,"menu_order":0,"comment_status":"closed","ping_status":"closed","template":"","meta":{"footnotes":""},"class_list":["post-472","page","type-page","status-publish","hentry"],"_links":{"self":[{"href":"https:\/\/launchorbit.agency\/en\/wp-json\/wp\/v2\/pages\/472","targetHints":{"allow":["GET"]}}],"collection":[{"href":"https:\/\/launchorbit.agency\/en\/wp-json\/wp\/v2\/pages"}],"about":[{"href":"https:\/\/launchorbit.agency\/en\/wp-json\/wp\/v2\/types\/page"}],"author":[{"embeddable":true,"href":"https:\/\/launchorbit.agency\/en\/wp-json\/wp\/v2\/users\/1"}],"replies":[{"embeddable":true,"href":"https:\/\/launchorbit.agency\/en\/wp-json\/wp\/v2\/comments?post=472"}],"version-history":[{"count":0,"href":"https:\/\/launchorbit.agency\/en\/wp-json\/wp\/v2\/pages\/472\/revisions"}],"wp:attachment":[{"href":"https:\/\/launchorbit.agency\/en\/wp-json\/wp\/v2\/media?parent=472"}],"curies":[{"name":"wp","href":"https:\/\/api.w.org\/{rel}","templated":true}]}}