{"id":1541,"date":"2025-12-22T20:58:58","date_gmt":"2025-12-22T20:58:58","guid":{"rendered":"https:\/\/launchorbit.agency\/?page_id=1541"},"modified":"2025-12-23T00:36:25","modified_gmt":"2025-12-23T03:36:25","slug":"aviso-legal","status":"publish","type":"page","link":"https:\/\/launchorbit.agency\/en\/aviso-legal\/","title":{"rendered":"Legal Notice"},"content":{"rendered":"<div data-elementor-type=\"wp-page\" data-elementor-id=\"1541\" class=\"elementor elementor-1541\" data-elementor-post-type=\"page\">\n\t\t\t\t<div class=\"elementor-element elementor-element-48ace87d e-flex e-con-boxed e-con e-parent\" data-id=\"48ace87d\" data-element_type=\"container\" data-e-type=\"container\">\n\t\t\t\t\t<div class=\"e-con-inner\">\n\t\t\t\t<div class=\"elementor-element elementor-element-0b14efc elementor-widget elementor-widget-heading\" data-id=\"0b14efc\" data-element_type=\"widget\" data-e-type=\"widget\" data-widget_type=\"heading.default\">\n\t\t\t\t\t<h2 class=\"elementor-heading-title elementor-size-default\">\nLegal Notice\n<\/h2>\t\t\t\t<\/div>\n\t\t\t\t<div class=\"elementor-element elementor-element-11843c40 elementor-widget elementor-widget-text-editor\" data-id=\"11843c40\" data-element_type=\"widget\" data-e-type=\"widget\" data-widget_type=\"text-editor.default\">\n\t\t\t\t\t\t\t\t\t\n<p>1. Information Collected and Purpose<br>We collect the personal data you voluntarily provide through contact forms, such as your name, email address, and phone number. This data is used to manage and respond to your inquiries, as well as for maintaining commercial communications and sending information related to the services offered by the company.<\/p>\n\n\n\n<p>2. Legal Basis and Conservation<br>The processing of your data is based on the consent you provide when submitting your information and on LaunchOrbit's legitimate interest in fulfilling your request. Personal data will be retained for as long as necessary to fulfill the purpose for which it was collected and to comply with applicable legal obligations.<\/p>\n\n\n\n<p>3. Data Recipients<br>LaunchOrbit does not transfer personal data to third parties, except when legally required.<\/p>\n\n\n\n<p>4. Rights<br>Usted puede ejercer sus derechos de acceso, rectificaci\u00f3n, supresi\u00f3n y oposici\u00f3n al tratamiento de sus datos personales, dirigi\u00e9ndose por escrito a la direcci\u00f3n de correo electr\u00f3nico&nbsp;<a href=\"mailto:jeronimo@launchorbit.agency\" target=\"_blank\" rel=\"noreferrer noopener\">jeronimo@launchorbit.agency<\/a>.<\/p>\n\t\t\t\t\t\t\t\t<\/div>\n\t\t\t\t\t<\/div>\n\t\t\t\t<\/div>\n\t\t\t\t<\/div>","protected":false},"excerpt":{"rendered":"<p>Aviso Legal 1. Informaci\u00f3n Recabada y FinalidadRecabamos los datos personales que usted nos proporciona voluntariamente a trav\u00e9s de formularios de contacto, tales como nombre, direcci\u00f3n de correo electr\u00f3nico y n\u00famero de tel\u00e9fono. Estos datos son utilizados con la finalidad de gestionar y responder a sus consultas, as\u00ed como para el mantenimiento de comunicaciones comerciales y [&hellip;]<\/p>\n","protected":false},"author":1,"featured_media":0,"parent":0,"menu_order":0,"comment_status":"closed","ping_status":"closed","template":"elementor_header_footer","meta":{"footnotes":""},"class_list":["post-1541","page","type-page","status-publish","hentry"],"_links":{"self":[{"href":"https:\/\/launchorbit.agency\/en\/wp-json\/wp\/v2\/pages\/1541","targetHints":{"allow":["GET"]}}],"collection":[{"href":"https:\/\/launchorbit.agency\/en\/wp-json\/wp\/v2\/pages"}],"about":[{"href":"https:\/\/launchorbit.agency\/en\/wp-json\/wp\/v2\/types\/page"}],"author":[{"embeddable":true,"href":"https:\/\/launchorbit.agency\/en\/wp-json\/wp\/v2\/users\/1"}],"replies":[{"embeddable":true,"href":"https:\/\/launchorbit.agency\/en\/wp-json\/wp\/v2\/comments?post=1541"}],"version-history":[{"count":0,"href":"https:\/\/launchorbit.agency\/en\/wp-json\/wp\/v2\/pages\/1541\/revisions"}],"wp:attachment":[{"href":"https:\/\/launchorbit.agency\/en\/wp-json\/wp\/v2\/media?parent=1541"}],"curies":[{"name":"wp","href":"https:\/\/api.w.org\/{rel}","templated":true}]}}